{"id":17,"date":"2019-09-12T09:07:36","date_gmt":"2019-09-12T07:07:36","guid":{"rendered":"https:\/\/imagine-its-art.de\/monika-stolzenberg\/?page_id=17"},"modified":"2019-09-12T09:15:51","modified_gmt":"2019-09-12T07:15:51","slug":"monika-stolzenberg-bonn","status":"publish","type":"page","link":"https:\/\/imagine-its-art.de\/monika-stolzenberg-bonn\/","title":{"rendered":"Monika Stolzenberg, Bonn"},"content":{"rendered":"<p><img loading=\"lazy\" src=\"https:\/\/imagine-its-art.de\/monika-stolzenberg\/wp-content\/uploads\/sites\/9\/2019\/09\/monika-stolzenberg.jpg\" alt=\"Monika Stolzenberg\" width=\"284\" height=\"338\" class=\"alignleft size-full wp-image-14\" srcset=\"https:\/\/imagine-its-art.de\/monika-stolzenberg-bonn\/wp-content\/uploads\/sites\/9\/2019\/09\/monika-stolzenberg.jpg 355w, https:\/\/imagine-its-art.de\/monika-stolzenberg-bonn\/wp-content\/uploads\/sites\/9\/2019\/09\/monika-stolzenberg-252x300.jpg 252w, https:\/\/imagine-its-art.de\/monika-stolzenberg-bonn\/wp-content\/uploads\/sites\/9\/2019\/09\/monika-stolzenberg-126x150.jpg 126w\" sizes=\"(max-width: 284px) 100vw, 284px\" \/>Geboren 1957 in Schweinfurt<\/p>\n<p>Monika ist bildende K\u00fcnstlerin, Performerin, S\u00e4ngerin und Autorin, lebt und arbeitet in Bonn.<\/p>\n<p>Viele Ausstellungen s\u00e4umen ihren Schaffensweg, ein kleiner Auszug von Einzel- und Gruppenausstellungen im In- und Ausland sowie im World Wild Web:<br \/>\nFrauenmuseum, Bonn<br \/>\nGalerie Vostell, Osnabr\u00fcck<br \/>\nHahnentorburg, K\u00f6ln<br \/>\nCentro Video de Ferrara, Ferrara<br \/>\nHistorisches Rathaus, K\u00f6ln<\/p>\n<p>Kunstbunker, K\u00f6ln<br \/>\nLand Art, De Haan<br \/>\nGalerie B. Salen, Paris<br \/>\nBr\u00fchler Kunstwoche<br \/>\n&#8230;und viele andere.<\/p>\n<p>Projekte: MamaOk Internetz<br \/>\nDokumentationen: Galerie am Buttermarkt<br \/>\nMitarbeiterin 68elf, K\u00f6ln<br \/>\nGalerie am Buttermarkt K\u00f6ln<\/p>\n<p>Online ist Monika Stolzenberg zu finden unter: <a href=\"https:\/\/monicatart.de.tl\/\" rel=\"noopener noreferrer\" target=\"_blank\">MoniCatArt<\/a><\/p>\n<p>Letzte Buch-Ver\u00f6ffentlichung:<\/p>\n<p>Ein bezauberndes Buch \u00fcber Bonn und seine Strassen, im Projekt von Eva Wal: &#8222;Neumond Streetview&#8220;<br \/>\nin Gemeinschaftsproduktion mit Chrizz B. Reuer<br \/>\n<img loading=\"lazy\" src=\"https:\/\/imagine-its-art.de\/monika-stolzenberg\/wp-content\/uploads\/sites\/9\/2019\/09\/monika-chrizz-buch-anderswo.jpg\" alt=\"Anderswo\" width=\"400\" height=\"411\" class=\"alignleft size-full wp-image-18\" srcset=\"https:\/\/imagine-its-art.de\/monika-stolzenberg-bonn\/wp-content\/uploads\/sites\/9\/2019\/09\/monika-chrizz-buch-anderswo.jpg 400w, https:\/\/imagine-its-art.de\/monika-stolzenberg-bonn\/wp-content\/uploads\/sites\/9\/2019\/09\/monika-chrizz-buch-anderswo-292x300.jpg 292w, https:\/\/imagine-its-art.de\/monika-stolzenberg-bonn\/wp-content\/uploads\/sites\/9\/2019\/09\/monika-chrizz-buch-anderswo-146x150.jpg 146w\" sizes=\"(max-width: 400px) 100vw, 400px\" \/><\/p>\n","protected":false},"excerpt":{"rendered":"<p>Geboren 1957 in Schweinfurt Monika ist bildende K\u00fcnstlerin, Performerin, S\u00e4ngerin und Autorin, lebt und arbeitet in Bonn. Viele Ausstellungen s\u00e4umen ihren Schaffensweg, ein kleiner Auszug von Einzel- und Gruppenausstellungen im In- und Ausland sowie im World Wild Web: Frauenmuseum, Bonn Galerie Vostell, Osnabr\u00fcck Hahnentorburg, K\u00f6ln Centro Video de Ferrara, Ferrara&#8230;<\/p>\n<p> <a class=\"continue-reading-link\" href=\"https:\/\/imagine-its-art.de\/monika-stolzenberg-bonn\/\"><span>Continue reading<\/span><i class=\"crycon-right-dir\"><\/i><\/a> <\/p>\n","protected":false},"author":1,"featured_media":0,"parent":0,"menu_order":0,"comment_status":"closed","ping_status":"closed","template":"","meta":{"ngg_post_thumbnail":0},"yoast_head":"<!-- This site is optimized with the Yoast SEO plugin v16.7 - https:\/\/yoast.com\/wordpress\/plugins\/seo\/ -->\n<title>Imagine It&#039;s Art - Monika Stolzenberg, Bonn - K\u00fcnstlerin<\/title>\n<meta name=\"robots\" content=\"index, follow, max-snippet:-1, max-image-preview:large, max-video-preview:-1\" \/>\n<link rel=\"canonical\" href=\"https:\/\/imagine-its-art.de\/monika-stolzenberg-bonn\/\" \/>\n<meta property=\"og:locale\" content=\"de_DE\" \/>\n<meta property=\"og:type\" content=\"article\" \/>\n<meta property=\"og:title\" content=\"Imagine It&#039;s Art - Monika Stolzenberg, Bonn - K\u00fcnstlerin\" \/>\n<meta property=\"og:description\" content=\"Geboren 1957 in Schweinfurt Monika ist bildende K\u00fcnstlerin, Performerin, S\u00e4ngerin und Autorin, lebt und arbeitet in Bonn. Viele Ausstellungen s\u00e4umen ihren Schaffensweg, ein kleiner Auszug von Einzel- und Gruppenausstellungen im In- und Ausland sowie im World Wild Web: Frauenmuseum, Bonn Galerie Vostell, Osnabr\u00fcck Hahnentorburg, K\u00f6ln Centro Video de Ferrara, Ferrara... Continue reading\" \/>\n<meta property=\"og:url\" content=\"https:\/\/imagine-its-art.de\/monika-stolzenberg-bonn\/\" \/>\n<meta property=\"og:site_name\" content=\"Monika Stolzenberg\" \/>\n<meta property=\"article:modified_time\" content=\"2019-09-12T07:15:51+00:00\" \/>\n<meta property=\"og:image\" content=\"https:\/\/imagine-its-art.de\/monika-stolzenberg\/wp-content\/uploads\/sites\/9\/2019\/09\/monika-stolzenberg.jpg\" \/>\n<meta name=\"twitter:card\" content=\"summary_large_image\" \/>\n<meta name=\"twitter:label1\" content=\"Gesch\u00e4tzte Lesezeit\" \/>\n\t<meta name=\"twitter:data1\" content=\"1\u00a0Minute\" \/>\n<script type=\"application\/ld+json\" class=\"yoast-schema-graph\">{\"@context\":\"https:\/\/schema.org\",\"@graph\":[{\"@type\":\"WebSite\",\"@id\":\"https:\/\/imagine-its-art.de\/monika-stolzenberg-bonn\/#website\",\"url\":\"https:\/\/imagine-its-art.de\/monika-stolzenberg-bonn\/\",\"name\":\"Monika Stolzenberg\",\"description\":\"\",\"potentialAction\":[{\"@type\":\"SearchAction\",\"target\":{\"@type\":\"EntryPoint\",\"urlTemplate\":\"https:\/\/imagine-its-art.de\/monika-stolzenberg-bonn\/?s={search_term_string}\"},\"query-input\":\"required name=search_term_string\"}],\"inLanguage\":\"de\"},{\"@type\":\"ImageObject\",\"@id\":\"https:\/\/imagine-its-art.de\/monika-stolzenberg-bonn\/#primaryimage\",\"inLanguage\":\"de\",\"url\":\"https:\/\/imagine-its-art.de\/monika-stolzenberg\/wp-content\/uploads\/sites\/9\/2019\/09\/monika-stolzenberg.jpg\",\"contentUrl\":\"https:\/\/imagine-its-art.de\/monika-stolzenberg\/wp-content\/uploads\/sites\/9\/2019\/09\/monika-stolzenberg.jpg\"},{\"@type\":\"WebPage\",\"@id\":\"https:\/\/imagine-its-art.de\/monika-stolzenberg-bonn\/#webpage\",\"url\":\"https:\/\/imagine-its-art.de\/monika-stolzenberg-bonn\/\",\"name\":\"Imagine It's Art - Monika Stolzenberg, Bonn - K\\u00fcnstlerin\",\"isPartOf\":{\"@id\":\"https:\/\/imagine-its-art.de\/monika-stolzenberg-bonn\/#website\"},\"primaryImageOfPage\":{\"@id\":\"https:\/\/imagine-its-art.de\/monika-stolzenberg-bonn\/#primaryimage\"},\"datePublished\":\"2019-09-12T07:07:36+00:00\",\"dateModified\":\"2019-09-12T07:15:51+00:00\",\"breadcrumb\":{\"@id\":\"https:\/\/imagine-its-art.de\/monika-stolzenberg-bonn\/#breadcrumb\"},\"inLanguage\":\"de\",\"potentialAction\":[{\"@type\":\"ReadAction\",\"target\":[\"https:\/\/imagine-its-art.de\/monika-stolzenberg-bonn\/\"]}]},{\"@type\":\"BreadcrumbList\",\"@id\":\"https:\/\/imagine-its-art.de\/monika-stolzenberg-bonn\/#breadcrumb\",\"itemListElement\":[{\"@type\":\"ListItem\",\"position\":1,\"name\":\"Startseite\",\"item\":\"https:\/\/imagine-its-art.de\/monika-stolzenberg-bonn\/\"},{\"@type\":\"ListItem\",\"position\":2,\"name\":\"Monika Stolzenberg, Bonn\"}]}]}<\/script>\n<!-- \/ Yoast SEO plugin. -->","yoast_head_json":{"title":"Imagine It's Art - Monika Stolzenberg, Bonn - K\u00fcnstlerin","robots":{"index":"index","follow":"follow","max-snippet":"max-snippet:-1","max-image-preview":"max-image-preview:large","max-video-preview":"max-video-preview:-1"},"canonical":"https:\/\/imagine-its-art.de\/monika-stolzenberg-bonn\/","og_locale":"de_DE","og_type":"article","og_title":"Imagine It's Art - Monika Stolzenberg, Bonn - K\u00fcnstlerin","og_description":"Geboren 1957 in Schweinfurt Monika ist bildende K\u00fcnstlerin, Performerin, S\u00e4ngerin und Autorin, lebt und arbeitet in Bonn. Viele Ausstellungen s\u00e4umen ihren Schaffensweg, ein kleiner Auszug von Einzel- und Gruppenausstellungen im In- und Ausland sowie im World Wild Web: Frauenmuseum, Bonn Galerie Vostell, Osnabr\u00fcck Hahnentorburg, K\u00f6ln Centro Video de Ferrara, Ferrara... Continue reading","og_url":"https:\/\/imagine-its-art.de\/monika-stolzenberg-bonn\/","og_site_name":"Monika Stolzenberg","article_modified_time":"2019-09-12T07:15:51+00:00","og_image":[{"url":"https:\/\/imagine-its-art.de\/monika-stolzenberg\/wp-content\/uploads\/sites\/9\/2019\/09\/monika-stolzenberg.jpg"}],"twitter_card":"summary_large_image","twitter_misc":{"Gesch\u00e4tzte Lesezeit":"1\u00a0Minute"},"schema":{"@context":"https:\/\/schema.org","@graph":[{"@type":"WebSite","@id":"https:\/\/imagine-its-art.de\/monika-stolzenberg-bonn\/#website","url":"https:\/\/imagine-its-art.de\/monika-stolzenberg-bonn\/","name":"Monika Stolzenberg","description":"","potentialAction":[{"@type":"SearchAction","target":{"@type":"EntryPoint","urlTemplate":"https:\/\/imagine-its-art.de\/monika-stolzenberg-bonn\/?s={search_term_string}"},"query-input":"required name=search_term_string"}],"inLanguage":"de"},{"@type":"ImageObject","@id":"https:\/\/imagine-its-art.de\/monika-stolzenberg-bonn\/#primaryimage","inLanguage":"de","url":"https:\/\/imagine-its-art.de\/monika-stolzenberg\/wp-content\/uploads\/sites\/9\/2019\/09\/monika-stolzenberg.jpg","contentUrl":"https:\/\/imagine-its-art.de\/monika-stolzenberg\/wp-content\/uploads\/sites\/9\/2019\/09\/monika-stolzenberg.jpg"},{"@type":"WebPage","@id":"https:\/\/imagine-its-art.de\/monika-stolzenberg-bonn\/#webpage","url":"https:\/\/imagine-its-art.de\/monika-stolzenberg-bonn\/","name":"Imagine It's Art - Monika Stolzenberg, Bonn - K\u00fcnstlerin","isPartOf":{"@id":"https:\/\/imagine-its-art.de\/monika-stolzenberg-bonn\/#website"},"primaryImageOfPage":{"@id":"https:\/\/imagine-its-art.de\/monika-stolzenberg-bonn\/#primaryimage"},"datePublished":"2019-09-12T07:07:36+00:00","dateModified":"2019-09-12T07:15:51+00:00","breadcrumb":{"@id":"https:\/\/imagine-its-art.de\/monika-stolzenberg-bonn\/#breadcrumb"},"inLanguage":"de","potentialAction":[{"@type":"ReadAction","target":["https:\/\/imagine-its-art.de\/monika-stolzenberg-bonn\/"]}]},{"@type":"BreadcrumbList","@id":"https:\/\/imagine-its-art.de\/monika-stolzenberg-bonn\/#breadcrumb","itemListElement":[{"@type":"ListItem","position":1,"name":"Startseite","item":"https:\/\/imagine-its-art.de\/monika-stolzenberg-bonn\/"},{"@type":"ListItem","position":2,"name":"Monika Stolzenberg, Bonn"}]}]}},"_links":{"self":[{"href":"https:\/\/imagine-its-art.de\/monika-stolzenberg-bonn\/wp-json\/wp\/v2\/pages\/17"}],"collection":[{"href":"https:\/\/imagine-its-art.de\/monika-stolzenberg-bonn\/wp-json\/wp\/v2\/pages"}],"about":[{"href":"https:\/\/imagine-its-art.de\/monika-stolzenberg-bonn\/wp-json\/wp\/v2\/types\/page"}],"author":[{"embeddable":true,"href":"https:\/\/imagine-its-art.de\/monika-stolzenberg-bonn\/wp-json\/wp\/v2\/users\/1"}],"replies":[{"embeddable":true,"href":"https:\/\/imagine-its-art.de\/monika-stolzenberg-bonn\/wp-json\/wp\/v2\/comments?post=17"}],"version-history":[{"count":0,"href":"https:\/\/imagine-its-art.de\/monika-stolzenberg-bonn\/wp-json\/wp\/v2\/pages\/17\/revisions"}],"wp:attachment":[{"href":"https:\/\/imagine-its-art.de\/monika-stolzenberg-bonn\/wp-json\/wp\/v2\/media?parent=17"}],"curies":[{"name":"wp","href":"https:\/\/api.w.org\/{rel}","templated":true}]}}